{"id":2346,"date":"2020-07-27T11:51:59","date_gmt":"2020-07-27T11:51:59","guid":{"rendered":"http:\/\/adiar.com.ar\/?page_id=2346"},"modified":"2020-07-27T11:52:55","modified_gmt":"2020-07-27T11:52:55","slug":"declaracion-de-principios","status":"publish","type":"page","link":"https:\/\/www.adiar.com.ar\/index.php\/declaracion-de-principios\/","title":{"rendered":"Declaraci\u00f3n de principios"},"content":{"rendered":"<p><b>DECLARACI\u00d3N\u00a0DE PRINCIPIOS EMITIDA POR LA ASOCIACI\u00d3N DE DERECHO INFORMATICO DE ARGENTINA (ADIAR) EN SU REUNI\u00d3N CONSTITUTIVA CELEBRADA EN TRELEW EL 29 DE JUNIO DE 2007<\/b><\/p>\n<p>Internet abre nuevos espacios en el modelo social, generando oportunidades que deben ser analizadas desde la multidisciplina, ya que los fen\u00f3menos planteados con la revoluci\u00f3n tecnol\u00f3gica incluyen aspectos legales, econ\u00f3micos, sociales, culturales y t\u00e9cnicos que modifican las actuales estructuras.<\/p>\n<p>&nbsp;<\/p>\n<p>En el campo del derecho, esto genera nuevos hechos y actos jur\u00eddicos, que deben ser regulados de una manera tambi\u00e9n especial, ofreciendo posibilidades de participaci\u00f3n en un marco de igualdad, garantizando neutralidad tecnol\u00f3gica e inclusi\u00f3n, para alcanzar realmente \u201cla Sociedad de la Informaci\u00f3n\u201d.<\/p>\n<p>&nbsp;<\/p>\n<p>Construir la Sociedad de la Informaci\u00f3n requiere no solo inteligencia sino tambi\u00e9n la participaci\u00f3n de todos los actores sociales, en una Sociedad en donde todos est\u00e9n incluidos y accedan a los beneficios que la red provee en un marco de igualdad y seguridad.<\/p>\n<p>&nbsp;<\/p>\n<p>Para ello debemos generar las regulaciones que conduzcan a este resultado. Nadie puede quedar marginado de los beneficios del desarrollo tecnol\u00f3gico, que ofrece la posibilidad de alcanzar un desarrollo integral y brinda nuevas herramientas para los que menos tienen.<\/p>\n<p>&nbsp;<\/p>\n<p>Atento a ello, consideramos imprescindible la reducci\u00f3n de la brecha digital, en el entendimiento de que el conocimiento es y debe ser para todos un medio de despegue hacia una realidad mejor.<\/p>\n<p>&nbsp;<\/p>\n<p>Por esta raz\u00f3n creemos que se hace necesaria la capacitaci\u00f3n para entender los fen\u00f3menos que se plantean en esta nueva realidad; para que una vez conocidos y entendidos podamos generar proyectos tendientes a definir una regulaci\u00f3n que permita superar las diferencias.<\/p>\n<p>&nbsp;<\/p>\n<p>Internet permite que toda comunicaci\u00f3n sea casi instant\u00e1nea; el Derecho debe receptar los cambios y ganar en eficacia. Cabe a quienes legislan asumir el compromiso de hacerlo de manera adecuada a la nueva realidad, generando, a partir del conocimiento y la capacitaci\u00f3n, las normas que la Sociedad de la Informaci\u00f3n demande.<\/p>\n<p>&nbsp;<\/p>\n<p>Internet obliga a reinventar las maneras de crear y operar en mercados. La econom\u00eda moderna es una econom\u00eda de mercado; pero la &#8216;Econom\u00eda IP&#8217; tiene reglas diferentes, que deben ser reguladas tambi\u00e9n de manera diferente, por la caracter\u00edstica propia del medio, que no permite la asociaci\u00f3n anal\u00f3gica para dar resoluci\u00f3n a los conflictos que se planteen.<\/p>\n<p>&nbsp;<\/p>\n<p>Los participantes en la nueva econom\u00eda se encuentran enlazados mediante canales digitales \u2013es decir, utilizan la Internet como su principal medio de comunicaci\u00f3n y transacci\u00f3n-. En los pr\u00f3ximos a\u00f1os la participaci\u00f3n en la web dejar\u00e1 de ser opcional y s\u00f3lo aquellos que participen activamente en ella tendr\u00e1n ventajas competitivas sostenibles. Por ello, se hace imprescindible entender esta nueva realidad y regularla a fin de darle el marco de seguridad jur\u00eddica necesario para que los participantes se puedan desarrollar. Necesitamos tener reglas y est\u00e1ndares que todos conozcan, favoreciendo que todos puedan intercambiar datos y valores en profundidad y en un marco de seguridad y estabilidad. Por otro lado una web segura permite generar capital humano, no apropiable pero accesible a todos.<\/p>\n<p>&nbsp;<\/p>\n<p>A partir de todas estas realidades es que surge la necesidad de promover pol\u00edticas tendientes a difundir el conocimiento sobre esta nueva Sociedad de la Informaci\u00f3n. No se trata solamente de la conectividad, sino de la usabilidad, es decir el aprovechamiento eficiente de los recursos tecnol\u00f3gicos para lograr propender al desarrollo, acortando de esta manera la brecha digital, favorecer o acercarnos cada vez m\u00e1s al ideal de la igualdad de oportunidades y la no distinci\u00f3n de categor\u00edas, todo ello desde una perspectiva multidisciplinaria y haciendo realidad \u201cla complejidad del conocimiento\u201d.<\/p>\n<p>&nbsp;<\/p>\n<p>Para ello resulta menester procurar que las autoridades tomen intervenci\u00f3n en esta nueva realidad digital, creando las infraestructuras, el marco jur\u00eddico y pol\u00edticas de estado acordes a la din\u00e1mica del derecho inform\u00e1tico, as\u00ed como fomentar la integraci\u00f3n institucional a nivel nacional, regional e internacional, a trav\u00e9s del intercambio de experiencias.<\/p>\n<p>&nbsp;<\/p>\n<p>Frente al gran abanico de problem\u00e1ticas jur\u00eddicas que se generaron a partir del uso de las nuevas tecnolog\u00edas se hace necesario fijar posici\u00f3n sobre todos estos temas con la ambici\u00f3n de que conduzcan a soluciones concretas y que sirvan de par\u00e1metro para todos los que necesiten, de acuerdo a su funci\u00f3n, tomar decisiones al respecto. Por otra parte resulta de inter\u00e9s difundir los mecanismos e instrumentos de participaci\u00f3n de los que disponen los usuarios finales en el gobierno mundial de Internet por medio de asociaciones de usuarios, estructuras at-large de ICANN y los diversos foros actuales y que se generen a tal fin en el futuro. Hoy se sufren las consecuencias en el estado actual de las cosas sin poder influir en el cambio algunas veces.<\/p>\n<p>&nbsp;<\/p>\n<p>Los factores cr\u00edticos del \u00e9xito de esta propuesta pasan por el conocimiento, la investigaci\u00f3n y generaci\u00f3n de reglas claras que permitan una participaci\u00f3n igualitaria de todos los sectores en la nueva Sociedad de la Informaci\u00f3n y el Conocimiento, mediante:<\/p>\n<p>&#8211; la creaci\u00f3n de reglas que hagan el proceso justo para todos.<\/p>\n<p>&#8211; generar reglas flexibles, abiertas y democr\u00e1ticas.<\/p>\n<p>&#8211; poner mucha atenci\u00f3n a los factores que impactan en la credibilidad \u2013confianza, privacidad, asuntos legales, etc-.<\/p>\n<p>&#8211; crear posibilidades de auditor\u00eda para todos los participantes &#8211; debe poder revisarse la historia y los perfiles de los participantes, de manera de poder hacer cumplir las reglas-. &#8211; permitir la participaci\u00f3n de agentes e intermediarios -pueden crear interesantes oportunidades en el futuro- &#8211; asegurar que todos los participantes comprenden los mecanismos de la web -para poder desarrollar sus habilidades de la manera m\u00e1s eficiente posible-.<\/p>\n<p>&nbsp;<\/p>\n<p>Asimismo, hoy en la Argentina nos encontramos ante distintas problem\u00e1ticas que precisan soluciones que no puede esperar y hacen imperativo el tratamiento urgente de temas y proyectos tales como:<\/p>\n<p>&nbsp;<\/p>\n<ul>\n<li>La necesidad del urgente tratamiento del proyecto de Ley de Delitos Inform\u00e1ticos que se encuentra en el Parlamento Argentino desde hace ya tiempo con media sanci\u00f3n legislativa de la C\u00e1mara de Diputados pero sin tratamiento por la C\u00e1mara de Senadores.<\/li>\n<\/ul>\n<p>&nbsp;<\/p>\n<ul>\n<li>La necesidad de completar el proceso de modificaci\u00f3n del r\u00e9gimen de registro de nombres de dominio, iniciado por NIC ARGENTINA en el a\u00f1o 2006, a fin de subsanar las deficiencias del sistema, en particular en lo que hace a un mayor control de las registraciones, a la tarifaci\u00f3n del sistema y a la creaci\u00f3n de un sistema extrajudicial de soluci\u00f3n de controversias.<\/li>\n<\/ul>\n<p>&nbsp;<\/p>\n<ul>\n<li>La necesidad de encarar un estudio serio del conflictivo tema del control de los datos de tr\u00e1fico de las comunicaciones, teniendo en cuenta las modernas legislaciones y la reciente Directiva Europea, as\u00ed como la necesidad de este tipo de normativa para una mejor lucha contra la delincuencia organizada.<\/li>\n<\/ul>\n<p>&nbsp;<\/p>\n<ul>\n<li>La necesidad de continuar con la implementaci\u00f3n de un efectivo r\u00e9gimen de protecci\u00f3n de los datos personales y en particular tratar de desvincular al organismo nacional de contralor del sistema de organismos pol\u00edticos del estado.<\/li>\n<\/ul>\n<p>&nbsp;<\/p>\n<ul>\n<li>La necesidad de adecuaci\u00f3n de la ley de propiedad intelectual a los nuevos conceptos de propiedad intelectual en el \u00e1mbito digital, cumplimentando asimismo las obligaciones asumidas por la Rep\u00fablica Argentina al suscribir y ratificar los tratados de Internet de la OMPI de 1996.<\/li>\n<\/ul>\n<p>&nbsp;<\/p>\n<ul>\n<li>La necesidad de fijar una postura Argentina frente al tema del SPAM, adaptando el sistema del OPT IN u OPT OUT y dictando una legislaci\u00f3n regulatoria.<\/li>\n<\/ul>\n<p>&nbsp;<\/p>\n<ul>\n<li>La necesidad de tratamiento por parte del Parlamento Argentino del Proyecto de Ley sobre Comercio Electr\u00f3nico, a estudio de Comisi\u00f3n en el Senado desde hace varios meses.<\/li>\n<\/ul>\n<p>&nbsp;<\/p>\n<p>Trelew, Provincia del Chubut, 29 de Junio de 2007.<\/p>\n<p>&nbsp;<\/p>\n","protected":false},"excerpt":{"rendered":"<p>DECLARACI\u00d3N\u00a0DE PRINCIPIOS EMITIDA POR LA ASOCIACI\u00d3N DE DERECHO INFORMATICO DE ARGENTINA (ADIAR) EN SU REUNI\u00d3N CONSTITUTIVA CELEBRADA EN TRELEW EL 29 DE JUNIO DE 2007 Internet abre nuevos espacios en el modelo social, generando oportunidades que deben ser analizadas desde la multidisciplina, ya que los fen\u00f3menos planteados con la revoluci\u00f3n<span class=\"more-link\"><a href=\"https:\/\/www.adiar.com.ar\/index.php\/declaracion-de-principios\/\">Leer mas&#8230;<\/a><\/span><\/p>\n","protected":false},"author":1,"featured_media":0,"parent":0,"menu_order":0,"comment_status":"closed","ping_status":"closed","template":"","meta":{"_exactmetrics_skip_tracking":false,"_exactmetrics_sitenote_active":false,"_exactmetrics_sitenote_note":"","_exactmetrics_sitenote_category":0,"footnotes":""},"class_list":["entry","author-adiarorg","post-2346","page","type-page","status-publish"],"_links":{"self":[{"href":"https:\/\/www.adiar.com.ar\/index.php\/wp-json\/wp\/v2\/pages\/2346","targetHints":{"allow":["GET"]}}],"collection":[{"href":"https:\/\/www.adiar.com.ar\/index.php\/wp-json\/wp\/v2\/pages"}],"about":[{"href":"https:\/\/www.adiar.com.ar\/index.php\/wp-json\/wp\/v2\/types\/page"}],"author":[{"embeddable":true,"href":"https:\/\/www.adiar.com.ar\/index.php\/wp-json\/wp\/v2\/users\/1"}],"replies":[{"embeddable":true,"href":"https:\/\/www.adiar.com.ar\/index.php\/wp-json\/wp\/v2\/comments?post=2346"}],"version-history":[{"count":2,"href":"https:\/\/www.adiar.com.ar\/index.php\/wp-json\/wp\/v2\/pages\/2346\/revisions"}],"predecessor-version":[{"id":2350,"href":"https:\/\/www.adiar.com.ar\/index.php\/wp-json\/wp\/v2\/pages\/2346\/revisions\/2350"}],"wp:attachment":[{"href":"https:\/\/www.adiar.com.ar\/index.php\/wp-json\/wp\/v2\/media?parent=2346"}],"curies":[{"name":"wp","href":"https:\/\/api.w.org\/{rel}","templated":true}]}}