{"id":2318,"date":"2020-07-27T11:31:51","date_gmt":"2020-07-27T11:31:51","guid":{"rendered":"http:\/\/adiar.com.ar\/?page_id=2318"},"modified":"2020-07-27T21:36:54","modified_gmt":"2020-07-27T21:36:54","slug":"ciclo-de-actualidad-de-di","status":"publish","type":"page","link":"https:\/\/www.adiar.com.ar\/index.php\/ciclo-de-actualidad-de-di\/","title":{"rendered":"Ciclo de actualidad de DI"},"content":{"rendered":"<p>El ciclo de actualidad en Derecho Inform\u00e1tico busca analizar las \u00faltimas novedades de la especialidad a trav\u00e9s de encuentros peri\u00f3dicos junto a los especialistas invitados.<\/p>\n<p>Actividad exclusiva para socios.<\/p>\n<p>&nbsp;<\/p>\n<p>Pr\u00f3ximamente mas novedades.<\/p>\n","protected":false},"excerpt":{"rendered":"<p>El ciclo de actualidad en Derecho Inform\u00e1tico busca analizar las \u00faltimas novedades de la especialidad a trav\u00e9s de encuentros peri\u00f3dicos junto a los especialistas invitados. Actividad exclusiva para socios. &nbsp; Pr\u00f3ximamente mas novedades.<span class=\"more-link\"><a href=\"https:\/\/www.adiar.com.ar\/index.php\/ciclo-de-actualidad-de-di\/\">Leer mas&#8230;<\/a><\/span><\/p>\n","protected":false},"author":1,"featured_media":0,"parent":0,"menu_order":0,"comment_status":"closed","ping_status":"closed","template":"","meta":{"_exactmetrics_skip_tracking":false,"_exactmetrics_sitenote_active":false,"_exactmetrics_sitenote_note":"","_exactmetrics_sitenote_category":0,"footnotes":""},"class_list":["entry","author-adiarorg","post-2318","page","type-page","status-publish"],"_links":{"self":[{"href":"https:\/\/www.adiar.com.ar\/index.php\/wp-json\/wp\/v2\/pages\/2318","targetHints":{"allow":["GET"]}}],"collection":[{"href":"https:\/\/www.adiar.com.ar\/index.php\/wp-json\/wp\/v2\/pages"}],"about":[{"href":"https:\/\/www.adiar.com.ar\/index.php\/wp-json\/wp\/v2\/types\/page"}],"author":[{"embeddable":true,"href":"https:\/\/www.adiar.com.ar\/index.php\/wp-json\/wp\/v2\/users\/1"}],"replies":[{"embeddable":true,"href":"https:\/\/www.adiar.com.ar\/index.php\/wp-json\/wp\/v2\/comments?post=2318"}],"version-history":[{"count":3,"href":"https:\/\/www.adiar.com.ar\/index.php\/wp-json\/wp\/v2\/pages\/2318\/revisions"}],"predecessor-version":[{"id":2367,"href":"https:\/\/www.adiar.com.ar\/index.php\/wp-json\/wp\/v2\/pages\/2318\/revisions\/2367"}],"wp:attachment":[{"href":"https:\/\/www.adiar.com.ar\/index.php\/wp-json\/wp\/v2\/media?parent=2318"}],"curies":[{"name":"wp","href":"https:\/\/api.w.org\/{rel}","templated":true}]}}