{"id":2303,"date":"2020-07-27T09:54:08","date_gmt":"2020-07-27T09:54:08","guid":{"rendered":"http:\/\/adiar.com.ar\/?page_id=2303"},"modified":"2020-10-15T07:54:51","modified_gmt":"2020-10-15T10:54:51","slug":"actividades-academicas","status":"publish","type":"page","link":"https:\/\/www.adiar.com.ar\/index.php\/actividades-academicas\/","title":{"rendered":"Actividades acad\u00e9micas"},"content":{"rendered":"<p>Desde la Asociaci\u00f3n de Derecho Inform\u00e1tico de Argentina realizamos variadas actividades de tipo acad\u00e9mico. Son \u00e1mbitos de discusi\u00f3n y debate que fomentan el intercambio de opiniones en un \u00e1mbito de respeto mutuo, y donde se discuten los temas libremente.<\/p>\n<p>&nbsp;<\/p>\n","protected":false},"excerpt":{"rendered":"<p>Desde la Asociaci\u00f3n de Derecho Inform\u00e1tico de Argentina realizamos variadas actividades de tipo acad\u00e9mico. Son \u00e1mbitos de discusi\u00f3n y debate que fomentan el intercambio de opiniones en un \u00e1mbito de respeto mutuo, y donde se discuten los temas libremente. &nbsp;<span class=\"more-link\"><a href=\"https:\/\/www.adiar.com.ar\/index.php\/actividades-academicas\/\">Leer mas&#8230;<\/a><\/span><\/p>\n","protected":false},"author":1,"featured_media":0,"parent":0,"menu_order":0,"comment_status":"closed","ping_status":"closed","template":"","meta":{"_exactmetrics_skip_tracking":false,"_exactmetrics_sitenote_active":false,"_exactmetrics_sitenote_note":"","_exactmetrics_sitenote_category":0,"footnotes":""},"class_list":["entry","author-adiarorg","post-2303","page","type-page","status-publish"],"_links":{"self":[{"href":"https:\/\/www.adiar.com.ar\/index.php\/wp-json\/wp\/v2\/pages\/2303","targetHints":{"allow":["GET"]}}],"collection":[{"href":"https:\/\/www.adiar.com.ar\/index.php\/wp-json\/wp\/v2\/pages"}],"about":[{"href":"https:\/\/www.adiar.com.ar\/index.php\/wp-json\/wp\/v2\/types\/page"}],"author":[{"embeddable":true,"href":"https:\/\/www.adiar.com.ar\/index.php\/wp-json\/wp\/v2\/users\/1"}],"replies":[{"embeddable":true,"href":"https:\/\/www.adiar.com.ar\/index.php\/wp-json\/wp\/v2\/comments?post=2303"}],"version-history":[{"count":3,"href":"https:\/\/www.adiar.com.ar\/index.php\/wp-json\/wp\/v2\/pages\/2303\/revisions"}],"predecessor-version":[{"id":2533,"href":"https:\/\/www.adiar.com.ar\/index.php\/wp-json\/wp\/v2\/pages\/2303\/revisions\/2533"}],"wp:attachment":[{"href":"https:\/\/www.adiar.com.ar\/index.php\/wp-json\/wp\/v2\/media?parent=2303"}],"curies":[{"name":"wp","href":"https:\/\/api.w.org\/{rel}","templated":true}]}}