{"id":2148,"date":"2018-11-29T21:29:38","date_gmt":"2018-11-29T21:29:38","guid":{"rendered":"https:\/\/demo.wphoot.com\/unos\/newsletter\/"},"modified":"2020-07-21T18:39:52","modified_gmt":"2020-07-21T18:39:52","slug":"newsletter-subscription","status":"publish","type":"page","link":"https:\/\/www.adiar.com.ar\/index.php\/newsletter-subscription\/","title":{"rendered":"Newsletter"},"content":{"rendered":"<p>Suscr\u00edbase a nuestro bolet\u00edn de noticias para recibir las \u00faltimas novedades sobre las actividades en las cuales participa ADIAr.<\/p>\n","protected":false},"excerpt":{"rendered":"<p>Suscr\u00edbase a nuestro bolet\u00edn de noticias para recibir las \u00faltimas novedades sobre las actividades en las cuales participa ADIAr.<span class=\"more-link\"><a href=\"https:\/\/www.adiar.com.ar\/index.php\/newsletter-subscription\/\">Leer mas&#8230;<\/a><\/span><\/p>\n","protected":false},"author":1,"featured_media":0,"parent":0,"menu_order":0,"comment_status":"closed","ping_status":"closed","template":"","meta":{"_exactmetrics_skip_tracking":false,"_exactmetrics_sitenote_active":false,"_exactmetrics_sitenote_note":"","_exactmetrics_sitenote_category":0,"footnotes":""},"class_list":["entry","author-adiarorg","post-2148","page","type-page","status-publish"],"_links":{"self":[{"href":"https:\/\/www.adiar.com.ar\/index.php\/wp-json\/wp\/v2\/pages\/2148","targetHints":{"allow":["GET"]}}],"collection":[{"href":"https:\/\/www.adiar.com.ar\/index.php\/wp-json\/wp\/v2\/pages"}],"about":[{"href":"https:\/\/www.adiar.com.ar\/index.php\/wp-json\/wp\/v2\/types\/page"}],"author":[{"embeddable":true,"href":"https:\/\/www.adiar.com.ar\/index.php\/wp-json\/wp\/v2\/users\/1"}],"replies":[{"embeddable":true,"href":"https:\/\/www.adiar.com.ar\/index.php\/wp-json\/wp\/v2\/comments?post=2148"}],"version-history":[{"count":2,"href":"https:\/\/www.adiar.com.ar\/index.php\/wp-json\/wp\/v2\/pages\/2148\/revisions"}],"predecessor-version":[{"id":2256,"href":"https:\/\/www.adiar.com.ar\/index.php\/wp-json\/wp\/v2\/pages\/2148\/revisions\/2256"}],"wp:attachment":[{"href":"https:\/\/www.adiar.com.ar\/index.php\/wp-json\/wp\/v2\/media?parent=2148"}],"curies":[{"name":"wp","href":"https:\/\/api.w.org\/{rel}","templated":true}]}}